{"id":6916,"date":"2025-04-28T16:08:27","date_gmt":"2025-04-28T08:08:27","guid":{"rendered":"https:\/\/molchanges.com\/?page_id=6916"},"modified":"2025-04-28T16:08:27","modified_gmt":"2025-04-28T08:08:27","slug":"custom-peptide-synthesis-2","status":"publish","type":"page","link":"https:\/\/molchanges.com\/zh\/custom-peptide-synthesis-2","title":{"rendered":"\u591a\u80bd\u4fee\u9970\u6837\u677f"},"content":{"rendered":"<div data-elementor-type=\"wp-page\" data-elementor-id=\"6916\" class=\"elementor elementor-6916\" data-elementor-post-type=\"page\">\n\t\t\t\t<div class=\"elementor-element elementor-element-1fecbf7 e-flex e-con-boxed e-con e-parent\" data-id=\"1fecbf7\" data-element_type=\"container\" data-e-type=\"container\">\n\t\t\t\t\t<div class=\"e-con-inner\">\n\t\t\t\t<div class=\"elementor-element elementor-element-1689510 elementor-widget elementor-widget-heading\" data-id=\"1689510\" data-element_type=\"widget\" data-e-type=\"widget\" data-widget_type=\"heading.default\">\n\t\t\t\t<div class=\"elementor-widget-container\">\n\t\t\t\t\t<p class=\"elementor-heading-title elementor-size-default\">\u5728\u6b64\u5904\u6dfb\u52a0\u6807\u9898\u6587\u672c<\/p>\t\t\t\t<\/div>\n\t\t\t\t<\/div>\n\t\t\t\t<div class=\"elementor-element elementor-element-5f41f9a elementor-widget__width-initial ekit-equal-height-disable elementor-widget elementor-widget-elementskit-image-box\" data-id=\"5f41f9a\" data-element_type=\"widget\" data-e-type=\"widget\" data-widget_type=\"elementskit-image-box.default\">\n\t\t\t\t<div class=\"elementor-widget-container\">\n\t\t\t\t\t<div class=\"ekit-wid-con\" >\n            <div class=\"elementskit-info-image-box ekit-image-box text-center simple-card\" >\n\n                \n                <div class=\"elementskit-box-header image-box-img-center\">\n\n                    \n                <\/div>\n                \n                <div class=\"elementskit-box-body ekit-image-box-body\">\n                    <div class=\"elementskit-box-content ekit-image-box-body-inner\">\n                                                <h2 class=\"elementskit-info-box-title\">\n\n                        \u8367\u5149\u67d3\u6599\u6807\u8bb0\u80bd\n                        \n                    <\/h2>\n                                                            <div class=\"elementskit-box-style-content\">\n                        \u6211\u4eec\u5f88\u9ad8\u5174\u80fd\u63d0\u4f9b\u8303\u56f4\u5e7f\u6cdb\u7684\u4f18\u8d28\u8367\u5149\u67d3\u6599\uff0c\u8fd9\u4e9b\u67d3\u6599\u8de8\u8d8a\u6574\u4e2a\u53ef\u89c1\u5149\u548c\u8fd1\u7ea2\u5916\u5149\u8c31\uff0c\u53ef\u7528\u4e8e\u5c06\u5176\u52a0\u5165\u60a8\u5b9a\u5236\u7684\u591a\u80bd\u4e2d\u3002\n\n\n                    <\/div>\n                                    <\/div>\n\n                                <div class=\"elementskit-box-footer\">\n                    <div class=\"box-footer\">\n                        <div class=\"btn-wraper\">\n                                                            <a href=\"#\" class=\"elementskit-btn whitespace--normal\">\n                                    \u67e5\u770b\u6211\u4eec\u7684\u5149\u8c31\u8303\u56f4                                <\/a>\n                                                    <\/div>\n                    <\/div>\n                <\/div>\n                            <\/div>\n            <\/div>\n    <\/div>\t\t\t\t<\/div>\n\t\t\t\t<\/div>\n\t\t\t\t\t<\/div>\n\t\t\t\t<\/div>\n\t\t<div class=\"elementor-element elementor-element-1c27309 e-flex e-con-boxed e-con e-parent\" data-id=\"1c27309\" data-element_type=\"container\" data-e-type=\"container\">\n\t\t\t\t\t<div class=\"e-con-inner\">\n\t\t<div class=\"elementor-element elementor-element-482c44d e-con-full e-flex e-con e-child\" data-id=\"482c44d\" data-element_type=\"container\" data-e-type=\"container\">\n\t\t\t\t<div class=\"elementor-element elementor-element-597e498 elementor-widget elementor-widget-heading\" data-id=\"597e498\" data-element_type=\"widget\" data-e-type=\"widget\" data-widget_type=\"heading.default\">\n\t\t\t\t<div class=\"elementor-widget-container\">\n\t\t\t\t\t<h2 class=\"elementor-heading-title elementor-size-default\">\u6211\u4eec\u7684\u62a5\u4ef7<\/h2>\t\t\t\t<\/div>\n\t\t\t\t<\/div>\n\t\t\t\t<div class=\"elementor-element elementor-element-b6cd98b elementor-widget elementor-widget-text-editor\" data-id=\"b6cd98b\" data-element_type=\"widget\" data-e-type=\"widget\" data-widget_type=\"text-editor.default\">\n\t\t\t\t<div class=\"elementor-widget-container\">\n\t\t\t\t\t\t\t\t\t<p><span>\u80bd\u53ef\u4ee5\u88ab\u6807\u8bb0\u4e3a<strong>\u00a0\u5355\u67d3\u6216\u591a\u67d3\u00a0<\/strong>\u5728\u80bd\u7684 N-\u7aef\u3001C-\u7aef\u6216\u5185\u90e8\uff0c\u5e94\u7528\u4e8e\u86cb\u767d\u00a0<strong>\u4e92\u52a8\u7814\u7a76<\/strong>\u8ffd\u8e2a\u751f\u7269\u5206\u5b50\u7684\u5b58\u5728\u3002\u00a0<strong>\u7ec6\u80de\u3001\u9176\u6d3b\u6027\u6d4b\u5b9a<\/strong>\u7b49\u7b49\u3002<br \/>\u5173\u4e8e\u7528\u67d3\u6599\u548c\u6dec\u706b\u5242\u6807\u8bb0\u7684\u80bd\uff0c\u8bf7\u53c2\u9605\u6211\u4eec\u7684\u00a0<a href=\"https:\/\/www.anaspec.com\/en\/fret-peptides\">FRET \u80bd<\/a>\u00a0page.<\/span><br \/><br \/><\/p><p><em><small><strong>\u56fe<\/strong>\u00a0HeLa \u7ec6\u80de\u5bf9 CPP \u7684\u5438\u6536\u3002\u7528\u542b\u6709 10 uM FITC-LC-Antennapedia\u3001cat# AS-24175\u3001AS-24176 \u7684 OptiMEM \u57f9\u517b\u57fa\u57f9\u517b HeLa \u7ec6\u80de 1 \u5c0f\u65f6\uff0c\u7136\u540e\u6e05\u6d17\u5e76\u7528\u8367\u5149\u663e\u5fae\u955c\u5206\u6790\u3002<\/small><\/em><\/p>\t\t\t\t\t\t\t\t<\/div>\n\t\t\t\t<\/div>\n\t\t\t\t<\/div>\n\t\t<div class=\"elementor-element elementor-element-a335560 e-con-full e-flex e-con e-child\" data-id=\"a335560\" data-element_type=\"container\" data-e-type=\"container\">\n\t\t\t\t<div class=\"elementor-element elementor-element-afa08ec elementor-widget elementor-widget-image\" data-id=\"afa08ec\" data-element_type=\"widget\" data-e-type=\"widget\" data-widget_type=\"image.default\">\n\t\t\t\t<div class=\"elementor-widget-container\">\n\t\t\t\t\t\t\t\t\t\t\t\t\t\t\t<img decoding=\"async\" src=\"https:\/\/molchanges.com\/wp-content\/uploads\/2025\/04\/10014.jpg\" title=\"\" alt=\"\" loading=\"lazy\" \/>\t\t\t\t\t\t\t\t\t\t\t\t\t\t\t<\/div>\n\t\t\t\t<\/div>\n\t\t\t\t<\/div>\n\t\t\t\t\t<\/div>\n\t\t\t\t<\/div>\n\t\t<div class=\"elementor-element elementor-element-c6e1e4f e-flex e-con-boxed e-con e-parent\" data-id=\"c6e1e4f\" data-element_type=\"container\" data-e-type=\"container\">\n\t\t\t\t\t<div class=\"e-con-inner\">\n\t\t<div class=\"elementor-element elementor-element-3ba5387 e-con-full e-flex e-con e-child\" data-id=\"3ba5387\" data-element_type=\"container\" data-e-type=\"container\">\n\t\t<div class=\"elementor-element elementor-element-338dd05 e-con-full e-flex e-con e-child\" data-id=\"338dd05\" data-element_type=\"container\" data-e-type=\"container\">\n\t\t\t\t<div class=\"elementor-element elementor-element-131cd27 elementor-widget elementor-widget-heading\" data-id=\"131cd27\" data-element_type=\"widget\" data-e-type=\"widget\" data-widget_type=\"heading.default\">\n\t\t\t\t<div class=\"elementor-widget-container\">\n\t\t\t\t\t<h2 class=\"elementor-heading-title elementor-size-default\">\u6211\u4eec\u7684\u8367\u5149\u67d3\u6599\u6a2a\u8de8\u6574\u4e2a\u53ef\u89c1\u5149\u8c31\u548c\u8fd1\u7ea2\u5916\u5149\u8c31<\/h2>\t\t\t\t<\/div>\n\t\t\t\t<\/div>\n\t\t\t\t<div class=\"elementor-element elementor-element-0087421 elementor-widget elementor-widget-image-box\" data-id=\"0087421\" data-element_type=\"widget\" data-e-type=\"widget\" data-widget_type=\"image-box.default\">\n\t\t\t\t<div class=\"elementor-widget-container\">\n\t\t\t\t\t<div class=\"elementor-image-box-wrapper\"><div class=\"elementor-image-box-content\"><h3 class=\"elementor-image-box-title\">HiLyte\u2122 \u8367\u5149\u67d3\u6599\uff08\u5bf9 pH \u503c\u4e0d\u654f\u611f\uff09<\/h3><p class=\"elementor-image-box-description\">HiLyte\u2122 Fluor dyes are ideal for applications at high or low pH (11). These dyes also exhibit higher sensitivities, owing to their enhanced intensity and photostability.<\/p><\/div><\/div>\t\t\t\t<\/div>\n\t\t\t\t<\/div>\n\t\t\t\t<div class=\"elementor-element elementor-element-e326676 elementor-widget elementor-widget-text-editor\" data-id=\"e326676\" data-element_type=\"widget\" data-e-type=\"widget\" data-widget_type=\"text-editor.default\">\n\t\t\t\t<div class=\"elementor-widget-container\">\n\t\t\t\t\t\t\t\t\t<table class=\"table minimalist-1 table-no-border\"><tbody><tr class=\"table-title-2 table-underline-thick\"><th style=\"padding: 5px 10px;\" width=\"30%\">\u540d\u79f0<\/th><th style=\"padding: 5px 10px;\" colspan=\"2\">Abs\/Em<\/th><th style=\"padding: 5px 10px;\" width=\"35%\">\u5e94\u7528<\/th><\/tr><tr class=\"table-underline-thin\"><th class=\"table-title-4\" style=\"padding: 5px 10px;\"><span>HiLyte<\/span><sup>\u2122<\/sup><span> \u6c1f 488<\/span><\/th><td style=\"padding: 5px 5px 5px 10px;\" width=\"5%\"><span style=\"font-size: 40px; color: #1fb06c; line-height: 20px;\">-<\/span><\/td><td style=\"padding: 5px 10px 5px 0px;\" width=\"30%\">497\/525 \u7eb3\u7c73<\/td><td style=\"padding: 5px 10px;\">FRET \u5206\u6790\u3001\u8ffd\u8e2a\u6216\u76f8\u4e92\u4f5c\u7528\u7814\u7a76<\/td><\/tr><tr class=\"table-underline-thin\"><th class=\"table-title-4\" style=\"padding: 5px 10px;\"><span>HiLyte<\/span><sup>\u2122<\/sup><span> \u6c1f 555<\/span><\/th><td style=\"padding: 5px 5px 5px 10px;\"><span style=\"font-size: 40px; color: #ffc000; line-height: 20px;\">-<\/span><\/td><td style=\"padding: 5px 10px 5px 0px;\">550\/566 \u7eb3\u7c73<\/td><td style=\"padding: 5px 10px;\">FRET\uff0c\u6807\u8bb0<\/td><\/tr><tr class=\"table-underline-thin\"><th class=\"table-title-4\" style=\"padding: 5px 10px;\"><span>HiLyte<\/span><sup>\u2122<\/sup><span> \u6c1f 647<\/span><\/th><td style=\"padding: 5px 5px 5px 10px;\"><span style=\"font-size: 40px; color: #9e1c20; line-height: 20px;\">-<\/span><\/td><td style=\"padding: 5px 10px 5px 0px;\">650\/675 \u7eb3\u7c73<\/td><td style=\"padding: 5px 10px;\">FRET\/TR-FRET\uff0c\u6807\u8bb0<\/td><\/tr><tr><th class=\"table-title-4\" style=\"padding: 5px 10px;\"><span>HiLyte<\/span><sup>\u2122<\/sup><span> \u6c1f 750<\/span><\/th><td style=\"padding: 5px 5px 5px 10px;\"><span style=\"font-size: 40px; color: #240e0c; line-height: 20px;\">-<\/span><\/td><td style=\"padding: 5px 10px 5px 0px;\">753\/778 \u7eb3\u7c73<\/td><td style=\"padding: 5px 10px;\">\u6210\u50cf<\/td><\/tr><\/tbody><\/table>\t\t\t\t\t\t\t\t<\/div>\n\t\t\t\t<\/div>\n\t\t\t\t<\/div>\n\t\t<div class=\"elementor-element elementor-element-48eede9 e-con-full e-flex e-con e-child\" data-id=\"48eede9\" data-element_type=\"container\" data-e-type=\"container\">\n\t\t\t\t<div class=\"elementor-element elementor-element-e90d973 elementor-widget elementor-widget-image-box\" data-id=\"e90d973\" data-element_type=\"widget\" data-e-type=\"widget\" data-widget_type=\"image-box.default\">\n\t\t\t\t<div class=\"elementor-widget-container\">\n\t\t\t\t\t<div class=\"elementor-image-box-wrapper\"><div class=\"elementor-image-box-content\"><h3 class=\"elementor-image-box-title\">\u53e4\u5178\u67d3\u6599<\/h3><p class=\"elementor-image-box-description\">\u5f53\u5e94\u7528\u7684\u64cd\u4f5c pH \u503c\u8303\u56f4\u7075\u6d3b\u65f6\uff0cFAM\u3001TAMRA \u548c CyLyte Fluor \u67d3\u6599\uff08Cy Dyes \u7c7b\u4f3c\u7269\uff09\u7b49\u4f20\u7edf\u67d3\u6599\u662f\u6781\u5177\u6210\u672c\u6548\u76ca\u7684\u9009\u62e9\u3002<\/p><\/div><\/div>\t\t\t\t<\/div>\n\t\t\t\t<\/div>\n\t\t\t\t<div class=\"elementor-element elementor-element-b01540c elementor-widget elementor-widget-text-editor\" data-id=\"b01540c\" data-element_type=\"widget\" data-e-type=\"widget\" data-widget_type=\"text-editor.default\">\n\t\t\t\t<div class=\"elementor-widget-container\">\n\t\t\t\t\t\t\t\t\t<table class=\"table minimalist-1 table-no-border\">\n<tbody>\n<tr class=\"table-title-2 table-underline-thick\">\n<th style=\"padding: 5px 10px;\">\u540d\u79f0<\/th>\n<th colspan=\"2\" style=\"padding: 5px 10px;\">Abs\/Em<\/th>\n<th style=\"padding: 5px 10px;\">\u5e94\u7528<\/th>\n<\/tr>\n<tr class=\"table-underline-thin\">\n<th class=\"table-title-4\" width=\"30%\" style=\"padding: 5px 10px;\">Mca<\/th>\n<td width=\"5%\" style=\"padding: 5px 5px 5px 10px;\"><span style=\"font-size: 40px; color: #871fb1; line-height: 20px;\">-<\/span><\/td>\n<td width=\"30%\" style=\"padding: 5px 10px 5px 0px;\">325\/393 \u7eb3\u7c73<\/td>\n<td width=\"35%\" style=\"padding: 5px 10px;\">FRET<\/td>\n<\/tr>\n<tr class=\"table-underline-thin\">\n<th class=\"table-title-4\" style=\"padding: 5px 10px;\">EDANS<\/th>\n<td style=\"padding: 5px 5px 5px 10px;\"><span style=\"font-size: 40px; color: #c6d9f1; line-height: 20px;\">-<\/span><\/td>\n<td style=\"padding: 5px 10px 5px 0px;\">335\/493 \u7eb3\u7c73<\/td>\n<td style=\"padding: 5px 10px;\">FRET<\/td>\n<\/tr>\n<tr class=\"table-underline-thin\">\n<th class=\"table-title-4\" style=\"padding: 5px 10px;\">FAM<\/th>\n<td style=\"padding: 5px 5px 5px 10px;\"><span style=\"font-size: 40px; color: #1a9c65; line-height: 20px;\">-<\/span><\/td>\n<td style=\"padding: 5px 10px 5px 0px;\">492\/518 \u7eb3\u7c73<\/td>\n<td style=\"padding: 5px 10px;\">FRET\uff0c\u6807\u8bb0<\/td>\n<\/tr>\n<tr class=\"table-underline-thin\">\n<th class=\"table-title-4\" style=\"padding: 5px 10px;\">FITC<\/th>\n<td style=\"padding: 5px 5px 5px 10px;\"><span style=\"font-size: 40px; color: #1eb06c; line-height: 20px;\">-<\/span><\/td>\n<td style=\"padding: 5px 10px 5px 0px;\">494\/519 \u7eb3\u7c73<\/td>\n<td style=\"padding: 5px 10px;\">\u6807\u7b7e<\/td>\n<\/tr>\n<tr class=\"table-underline-thin\">\n<th class=\"table-title-4\" style=\"padding: 5px 10px;\">CyLyte Fluor 3<\/th>\n<td style=\"padding: 5px 5px 5px 10px;\"><span style=\"font-size: 40px; color: #61bc56; line-height: 20px;\">-<\/span><\/td>\n<td style=\"padding: 5px 10px 5px 0px;\">550\/564 \u7eb3\u7c73<\/td>\n<td style=\"padding: 5px 10px;\">FRET\uff0c\u6807\u8bb0<\/td>\n<\/tr>\n<tr class=\"table-underline-thin\">\n<th class=\"table-title-4\" style=\"padding: 5px 10px;\">\u5854\u59c6\u62c9<\/th>\n<td style=\"padding: 5px 5px 5px 10px;\"><span style=\"font-size: 40px; color: #e7a427; line-height: 20px;\">-<\/span><\/td>\n<td style=\"padding: 5px 10px 5px 0px;\">541\/568 \u7eb3\u7c73<\/td>\n<td style=\"padding: 5px 10px;\">FRET\uff0c\u6807\u8bb0<\/td>\n<\/tr>\n<tr class=\"table-underline-thin\">\n<th class=\"table-title-4\" style=\"padding: 5px 10px;\">\u7f57\u514b\u65af<\/th>\n<td style=\"padding: 5px 5px 5px 10px;\"><span style=\"font-size: 40px; color: #e7a427; line-height: 20px;\">-<\/span><\/td>\n<td style=\"padding: 5px 10px 5px 0px;\">568\/591 \u7eb3\u7c73<\/td>\n<td style=\"padding: 5px 10px;\">FRET\uff0c\u6807\u8bb0<\/td>\n<\/tr>\n<tr class=\"table-underline-thin\">\n<th class=\"table-title-4\" style=\"padding: 5px 10px;\">CyLyte Fluor 5<\/th>\n<td style=\"padding: 5px 5px 5px 10px;\"><span style=\"font-size: 40px; color: #d61d24; line-height: 20px;\">-<\/span><\/td>\n<td style=\"padding: 5px 10px 5px 0px;\">648\/663 \u7eb3\u7c73<\/td>\n<td style=\"padding: 5px 10px;\">FRET\/TR-FRET\uff0c\u6807\u8bb0<\/td>\n<\/tr>\n<tr>\n<th class=\"table-title-4\" style=\"padding: 5px 10px;\">CyLyte Fluor 7<\/th>\n<td style=\"padding: 5px 5px 5px 10px;\"><span style=\"font-size: 40px; color: #711216; line-height: 20px;\">-<\/span><\/td>\n<td style=\"padding: 5px 10px 5px 0px;\">750\/773 \u7eb3\u7c73<\/td>\n<td style=\"padding: 5px 10px;\">FRET\uff0c\u6807\u8bb0<\/td>\n<\/tr>\n<\/tbody>\n<\/table>\t\t\t\t\t\t\t\t<\/div>\n\t\t\t\t<\/div>\n\t\t\t\t<\/div>\n\t\t<div class=\"elementor-element elementor-element-380d781 e-con-full e-flex e-con e-child\" data-id=\"380d781\" data-element_type=\"container\" data-e-type=\"container\">\n\t\t\t\t<div class=\"elementor-element elementor-element-bdec4e0 elementor-widget elementor-widget-image-box\" data-id=\"bdec4e0\" data-element_type=\"widget\" data-e-type=\"widget\" data-widget_type=\"image-box.default\">\n\t\t\t\t<div class=\"elementor-widget-container\">\n\t\t\t\t\t<div class=\"elementor-image-box-wrapper\"><div class=\"elementor-image-box-content\"><h3 class=\"elementor-image-box-title\">\u8367\u5149\u5e95\u7269<\/h3><p class=\"elementor-image-box-description\">\u53d1\u8367\u5149\u5e95\u7269\u4e0d\u9700\u8981\u6dec\u706d\u5242\uff0c\u5b83\u542b\u6709 C \u7aef\u67d3\u6599\uff0c\u5728\u4ece\u80bd\u4e0a\u88c2\u89e3\u4e4b\u524d\u4e0d\u4f1a\u53d1\u51fa\u8367\u5149\uff08\u67d3\u6599\u7684\u8367\u5149\u5f62\u5f0f\u88ab\u91ca\u653e\u51fa\u6765\uff09\u3002<\/p><\/div><\/div>\t\t\t\t<\/div>\n\t\t\t\t<\/div>\n\t\t\t\t<div class=\"elementor-element elementor-element-f2a146e elementor-widget elementor-widget-text-editor\" data-id=\"f2a146e\" data-element_type=\"widget\" data-e-type=\"widget\" data-widget_type=\"text-editor.default\">\n\t\t\t\t<div class=\"elementor-widget-container\">\n\t\t\t\t\t\t\t\t\t<table class=\"table minimalist-1 table-no-border\">\n<tbody>\n<tr class=\"table-title-2 table-underline-thick\">\n<th style=\"padding: 5px 10px;\">\u540d\u79f0<\/th>\n<th colspan=\"2\" style=\"padding: 5px 10px;\">Abs\/Em<\/th>\n<th style=\"padding: 5px 10px;\">\u5e94\u7528<\/th>\n<\/tr>\n<tr class=\"table-underline-thin\">\n<th class=\"table-title-4\" style=\"padding: 5px 10px;\">AMC<\/th>\n<td style=\"padding: 5px 5px 5px 10px;\"><span style=\"font-size: 40px; color: #453a8c; line-height: 20px;\">-<\/span><\/td>\n<td style=\"padding: 5px 10px 5px 0px;\">351\/430 \u7eb3\u7c73<\/td>\n<td style=\"padding: 5px 10px;\">\u542b\u6c1f\u5e95\u7269<\/td>\n<\/tr>\n<tr class=\"table-underline-thin\">\n<th class=\"table-title-4\" style=\"padding: 5px 10px;\">\u4e9a\u8db3\u8054<\/th>\n<td style=\"padding: 5px 5px 5px 10px;\"><span style=\"font-size: 40px; color: #8db3e2; line-height: 20px;\">-<\/span><\/td>\n<td style=\"padding: 5px 10px 5px 0px;\">382\/480 \u7eb3\u7c73<\/td>\n<td style=\"padding: 5px 10px;\">\u542b\u6c1f\u5e95\u7269<\/td>\n<\/tr>\n<tr class=\"table-underline-thin\">\n<th class=\"table-title-4\" style=\"padding: 5px 10px;\">Rh110<\/th>\n<td style=\"padding: 5px 5px 5px 10px;\"><span style=\"font-size: 40px; color: #61bc56; line-height: 20px;\">-<\/span><\/td>\n<td style=\"padding: 5px 10px 5px 0px;\">501\/527 \u7eb3\u7c73<\/td>\n<td style=\"padding: 5px 10px;\">\u542b\u6c1f\u5e95\u7269<\/td>\n<\/tr>\n<\/tbody>\n<\/table>\t\t\t\t\t\t\t\t<\/div>\n\t\t\t\t<\/div>\n\t\t\t\t<\/div>\n\t\t\t\t<\/div>\n\t\t<div class=\"elementor-element elementor-element-51818a3 e-con-full e-flex e-con e-child\" data-id=\"51818a3\" data-element_type=\"container\" data-e-type=\"container\">\n\t\t\t\t<\/div>\n\t\t\t\t\t<\/div>\n\t\t\t\t<\/div>\n\t\t<div class=\"elementor-element elementor-element-b44009f e-flex e-con-boxed e-con e-parent\" data-id=\"b44009f\" data-element_type=\"container\" data-e-type=\"container\">\n\t\t\t\t\t<div class=\"e-con-inner\">\n\t\t<div class=\"elementor-element elementor-element-600c02c e-con-full e-flex e-con e-child\" data-id=\"600c02c\" data-element_type=\"container\" data-e-type=\"container\">\n\t\t\t\t<div class=\"elementor-element elementor-element-fc1ab59 elementor-widget elementor-widget-heading\" data-id=\"fc1ab59\" data-element_type=\"widget\" data-e-type=\"widget\" data-widget_type=\"heading.default\">\n\t\t\t\t<div class=\"elementor-widget-container\">\n\t\t\t\t\t<h2 class=\"elementor-heading-title elementor-size-default\">\u7279\u8272\u5f15\u6587<\/h2>\t\t\t\t<\/div>\n\t\t\t\t<\/div>\n\t\t\t\t<div class=\"elementor-element elementor-element-75823d0 elementor-widget elementor-widget-text-editor\" data-id=\"75823d0\" data-element_type=\"widget\" data-e-type=\"widget\" data-widget_type=\"text-editor.default\">\n\t\t\t\t<div class=\"elementor-widget-container\">\n\t\t\t\t\t\t\t\t\t<h5>\u5229\u7528\u8367\u5149\u5404\u5411\u5f02\u6027\u6d4b\u5b9a\u6cd5\u6d4b\u91cf\u4e73\u7403\u83cc\u5be1\u80bd\u7ed3\u5408\u86cb\u767d A \u4e0e\u591a\u80bd\u7ed3\u5408\u7684 pH \u503c\u548c\u6e29\u5ea6\u4f9d\u8d56\u6027\u3002<\/h5><p class=\"text-blue-light\">Stevie Norcross\u3001Ashwin Sunderraj\u3001Mathew Tantama<\/p><p><small><em>ACS Omega 2019, 4, 2812-2822, Feb 2006 2019 DOI: 10.1021\/acsomega.8b02427<\/em><\/small><\/p><p>\u6765\u81ea AnaSpec\uff1a\u5408\u6210\u4e86\u78fa\u80fa 101 \u6807\u8bb0\u7684\u7f13\u6fc0\u80bd\uff08SR101-RPPGFSPFR \u548c RPPGFSPFRK-SR101\uff09\uff0c\u5e76\u7ecf HPLC \u7eaf\u5316\uff08\u7eaf\u5ea6\u5927\u4e8e 90%\uff09\u3002<\/p><h5>\u6dc0\u7c89\u6837\u86cb\u767d-\u03b2-\u94dc\u590d\u5408\u7269\u7684\u6c27\u5316\u8fd8\u539f\u52a8\u529b\u5b66\u53ca\u5176\u751f\u7269\u5b66\u610f\u4e49<\/h5><p class=\"text-blue-light\">Paul Girvan\u3001Xiangyu Teng\u3001Nicholas J. Brooks\u3001Geoffrey S. Baldwin \u548c Liming Ying<\/p><p><small><em>Biochemistry 2018, 57, 6228-6233 DOI : 10.1021\/acs.biochem.8b00133<\/em><\/small><\/p><p>\u6765\u81ea AnaSpec\uff1a\u542b\u6709\u91d1\u5c5e\u7ed3\u5408\u6b8b\u57fa\u7684\u622a\u77ed\u8367\u5149\u6807\u8bb0\u6dc0\u7c89\u6837\u86cb\u767d-\u03b2\u80bd\uff0c\u7528\u4e8e\u7814\u7a76\u5176\u91d1\u5c5e\u76f8\u4e92\u4f5c\u7528\u7279\u6027\u548c\u52a8\u529b\u5b66\u3002<\/p><h5>\u5728\u80bd\u529f\u80fd\u5316\u805a\u82ef\u4e59\u70ef\u8868\u9762\u5206\u79bb\u548c\u6269\u589e\u5916\u5468\u8840\u4e2d\u7684\u5185\u76ae\u7956\u7ec6\u80de<\/h5><p class=\"text-blue-light\">Mohamed A. Elkhodiry, Mari\u00e8ve D. Boulanger, Omar Bashth, Jean-Fran\u00e7ois Tanguay, Ga\u00e9tan Laroche, Corinne A. Hoesli<\/p><p><small><em>\u751f\u7269\u6280\u672f\u4e0e\u751f\u7269\u5de5\u7a0b\u300b2019\uff0c116\uff0c10\uff0c2598-2609 DOI\uff1a10.1002\/bit.27107<\/em><\/small><\/p><p>\u6765\u81ea AnaSpec\uff1a\u5408\u6210\u5e76 HPLC \u7eaf\u5316\u4e86\u542b\u8367\u5149\u56e2\u7684 RGD \u6807\u8bb0\u80bd\uff0c\u79f0\u4e3a RGD-TAMRA\uff08\u7eaf\u5ea6 &gt;90%\uff09<\/p>\t\t\t\t\t\t\t\t<\/div>\n\t\t\t\t<\/div>\n\t\t\t\t<\/div>\n\t\t\t\t\t<\/div>\n\t\t\t\t<\/div>\n\t\t<div class=\"elementor-element elementor-element-cf51427 e-flex e-con-boxed e-con e-parent\" data-id=\"cf51427\" data-element_type=\"container\" data-e-type=\"container\" data-settings=\"{&quot;background_background&quot;:&quot;classic&quot;}\">\n\t\t\t\t\t<div class=\"e-con-inner\">\n\t\t<div class=\"elementor-element elementor-element-8493d81 e-con-full e-flex e-con e-child\" data-id=\"8493d81\" data-element_type=\"container\" data-e-type=\"container\">\n\t\t\t\t<div class=\"elementor-element elementor-element-dbcb432 elementor-widget elementor-widget-elementskit-heading\" data-id=\"dbcb432\" data-element_type=\"widget\" data-e-type=\"widget\" data-widget_type=\"elementskit-heading.default\">\n\t\t\t\t<div class=\"elementor-widget-container\">\n\t\t\t\t\t<div class=\"ekit-wid-con\" ><div class=\"ekit-heading elementskit-section-title-wraper text_center   ekit_heading_tablet-   ekit_heading_mobile-\"><h2 class=\"ekit-heading--title elementskit-section-title\">\u76f8\u5173\u4ea7\u54c1\u548c\u670d\u52a1<\/h2><\/div><\/div>\t\t\t\t<\/div>\n\t\t\t\t<\/div>\n\t\t<div class=\"elementor-element elementor-element-f3a2c95 e-con-full e-flex e-con e-child\" data-id=\"f3a2c95\" data-element_type=\"container\" data-e-type=\"container\">\n\t\t<div class=\"elementor-element elementor-element-03cb9a5 e-con-full e-flex e-con e-child\" data-id=\"03cb9a5\" data-element_type=\"container\" data-e-type=\"container\">\n\t\t\t\t<\/div>\n\t\t<div class=\"elementor-element elementor-element-065a04f e-con-full e-flex e-con e-child\" data-id=\"065a04f\" data-element_type=\"container\" data-e-type=\"container\">\n\t\t\t\t<\/div>\n\t\t<div class=\"elementor-element elementor-element-cabac64 e-con-full e-flex e-con e-child\" data-id=\"cabac64\" data-element_type=\"container\" data-e-type=\"container\">\n\t\t\t\t<\/div>\n\t\t<div class=\"elementor-element elementor-element-efe2577 e-con-full e-flex e-con e-child\" data-id=\"efe2577\" data-element_type=\"container\" data-e-type=\"container\">\n\t\t\t\t<\/div>\n\t\t\t\t<\/div>\n\t\t\t\t<\/div>\n\t\t\t\t\t<\/div>\n\t\t\t\t<\/div>\n\t\t<div class=\"elementor-element elementor-element-dcef9aa e-flex e-con-boxed e-con e-parent\" data-id=\"dcef9aa\" data-element_type=\"container\" data-e-type=\"container\" data-settings=\"{&quot;background_background&quot;:&quot;classic&quot;}\">\n\t\t\t\t\t<div class=\"e-con-inner\">\n\t\t<div class=\"elementor-element elementor-element-2369917 e-con-full e-flex e-con e-child\" data-id=\"2369917\" data-element_type=\"container\" data-e-type=\"container\">\n\t\t\t\t<div class=\"elementor-element elementor-element-5c9e470 elementor-widget elementor-widget-image-box\" data-id=\"5c9e470\" data-element_type=\"widget\" data-e-type=\"widget\" data-widget_type=\"image-box.default\">\n\t\t\t\t<div class=\"elementor-widget-container\">\n\t\t\t\t\t<div class=\"elementor-image-box-wrapper\"><div class=\"elementor-image-box-content\"><h3 class=\"elementor-image-box-title\">\u5b9a\u5236\u591a\u80bd\u5408\u6210<\/h3><p class=\"elementor-image-box-description\">\u6211\u4eec\u63d0\u4f9b\u7814\u7a76\u7ea7\u8367\u5149\u67d3\u6599\u6807\u8bb0\u80bd\u6216\u5173\u952e\u539f\u6750\u6599\u3002<\/p><\/div><\/div>\t\t\t\t<\/div>\n\t\t\t\t<\/div>\n\t\t\t\t<div class=\"elementor-element elementor-element-1cb1add elementor-align-center elementor-widget elementor-widget-button\" data-id=\"1cb1add\" data-element_type=\"widget\" data-e-type=\"widget\" data-widget_type=\"button.default\">\n\t\t\t\t<div class=\"elementor-widget-container\">\n\t\t\t\t\t\t\t\t\t<div class=\"elementor-button-wrapper\">\n\t\t\t\t\t<a class=\"elementor-button elementor-button-link elementor-size-sm\" href=\"#\">\n\t\t\t\t\t\t<span class=\"elementor-button-content-wrapper\">\n\t\t\t\t\t\t\t\t\t<span class=\"elementor-button-text\">\u7d22\u53d6\u62a5\u4ef7<\/span>\n\t\t\t\t\t<\/span>\n\t\t\t\t\t<\/a>\n\t\t\t\t<\/div>\n\t\t\t\t\t\t\t\t<\/div>\n\t\t\t\t<\/div>\n\t\t\t\t<\/div>\n\t\t\t\t\t<\/div>\n\t\t\t\t<\/div>\n\t\t\t\t<\/div>","protected":false},"excerpt":{"rendered":"<p>Add Your Heading Text Here Fluorescent Dye-Labeled Peptides We are pleased to offer a broad range of premium fluorescent dyes that span the whole visible and near infrared spectrum, for incorporation into your custom peptides. View our spectral range Our Offer A peptide can be labeled with a\u00a0single or multiple dye(s)\u00a0at the peptide N-terminus, C-terminus, [&hellip;]<\/p>\n","protected":false},"author":1,"featured_media":0,"parent":0,"menu_order":0,"comment_status":"closed","ping_status":"closed","template":"","meta":{"footnotes":""},"class_list":["post-6916","page","type-page","status-publish","hentry"],"blocksy_meta":[],"_links":{"self":[{"href":"https:\/\/molchanges.com\/zh\/wp-json\/wp\/v2\/pages\/6916","targetHints":{"allow":["GET"]}}],"collection":[{"href":"https:\/\/molchanges.com\/zh\/wp-json\/wp\/v2\/pages"}],"about":[{"href":"https:\/\/molchanges.com\/zh\/wp-json\/wp\/v2\/types\/page"}],"author":[{"embeddable":true,"href":"https:\/\/molchanges.com\/zh\/wp-json\/wp\/v2\/users\/1"}],"replies":[{"embeddable":true,"href":"https:\/\/molchanges.com\/zh\/wp-json\/wp\/v2\/comments?post=6916"}],"version-history":[{"count":0,"href":"https:\/\/molchanges.com\/zh\/wp-json\/wp\/v2\/pages\/6916\/revisions"}],"wp:attachment":[{"href":"https:\/\/molchanges.com\/zh\/wp-json\/wp\/v2\/media?parent=6916"}],"curies":[{"name":"wp","href":"https:\/\/api.w.org\/{rel}","templated":true}]}}